

{"id":9460,"date":"2023-05-13T08:58:58","date_gmt":"2023-05-13T06:58:58","guid":{"rendered":"https:\/\/rozbiorkigryzakow.pl\/?post_type=product&#038;p=9460"},"modified":"2026-04-18T09:25:33","modified_gmt":"2026-04-18T07:25:33","slug":"posypka-dla-niejadka-duze-opakowanie","status":"publish","type":"product","link":"https:\/\/rozbiorkigryzakow.pl\/index.php\/produkt\/posypka-dla-niejadka-duze-opakowanie\/","title":{"rendered":"Posypka dla niejadka &#8211; du\u017ce opakowanie"},"content":{"rendered":"","protected":false},"excerpt":{"rendered":"<p>Posypka? Dla niejadka? Zapytacie mnie, Roma o co chodzi?<\/p>\n<p>Nazywam to magicznym py\u0142kiem \ud83d\ude42 Czasami moje psy, pewnie Wasze tak\u017ce, zwyczajnie &#8222;marudz\u0105&#8221; i nie maj\u0105 apetytu. Oczywi\u015bcie, \u017ce w takiej sytuacji najlepszym rozwi\u0105zaniem jest zach\u0119cenie psa do jedzenia np. poprzez ukrycie karmy, bo zdobywanie i &#8222;wysi\u0142ek&#8221; z tym zwi\u0105zany s\u0105 dla psa zwyczajnie atrakcyjne, ale um\u00f3wmy si\u0119 \ud83d\ude42 czasami nie mamy czasu, albo nawet pomys\u0142u na prac\u0119 z psem i przyda\u0142oby si\u0119 troch\u0119 magiczne rozwi\u0105zanie \ud83d\ude42\u00a0 i mam w\u0142a\u015bnie takie takie rozwi\u0105zanie.<\/p>\n<p>Opakowanie jest po brzegi wype\u0142nione bardzo rozdrobnionym suszonym mi\u0119sem. s\u0105 to ma\u0142e i mikro drobinki mi\u0119ska, wystarczy szczypta posypana na karm\u0119. Zwyczajny naturalny aromat \ud83d\ude42<\/p>\n<p>Posypka jest zrobiona z 3 mi\u0119s. W sk\u0142ad wchodzi jele\u0144, wieprzowina i muflon. Bomba zapach\u00f3w i smaku.<\/p>\n<p>&nbsp;<\/p>\n<p><strong>W opakowaniu znajduj\u0105 si\u0119 4 du\u017ce \u0142y\u017cki sto\u0142owe posypki tj. 2 razy wi\u0119cej ni\u017c w ma\u0142ym opakowaniu \ud83d\ude42 <\/strong><\/p>\n","protected":false},"featured_media":10893,"template":"","meta":[],"product_brand":[],"product_cat":[24,21],"product_tag":[],"class_list":{"0":"post-9460","1":"product","2":"type-product","3":"status-publish","4":"has-post-thumbnail","6":"product_cat-ciastka","7":"product_cat-mieso","9":"first","10":"instock","11":"taxable","12":"shipping-taxable","13":"purchasable","14":"product-type-simple"},"jetpack_sharing_enabled":true,"_links":{"self":[{"href":"https:\/\/rozbiorkigryzakow.pl\/index.php\/wp-json\/wp\/v2\/product\/9460","targetHints":{"allow":["GET"]}}],"collection":[{"href":"https:\/\/rozbiorkigryzakow.pl\/index.php\/wp-json\/wp\/v2\/product"}],"about":[{"href":"https:\/\/rozbiorkigryzakow.pl\/index.php\/wp-json\/wp\/v2\/types\/product"}],"wp:featuredmedia":[{"embeddable":true,"href":"https:\/\/rozbiorkigryzakow.pl\/index.php\/wp-json\/wp\/v2\/media\/10893"}],"wp:attachment":[{"href":"https:\/\/rozbiorkigryzakow.pl\/index.php\/wp-json\/wp\/v2\/media?parent=9460"}],"wp:term":[{"taxonomy":"product_brand","embeddable":true,"href":"https:\/\/rozbiorkigryzakow.pl\/index.php\/wp-json\/wp\/v2\/product_brand?post=9460"},{"taxonomy":"product_cat","embeddable":true,"href":"https:\/\/rozbiorkigryzakow.pl\/index.php\/wp-json\/wp\/v2\/product_cat?post=9460"},{"taxonomy":"product_tag","embeddable":true,"href":"https:\/\/rozbiorkigryzakow.pl\/index.php\/wp-json\/wp\/v2\/product_tag?post=9460"}],"curies":[{"name":"wp","href":"https:\/\/api.w.org\/{rel}","templated":true}]}}