

{"id":9453,"date":"2023-05-12T16:55:48","date_gmt":"2023-05-12T14:55:48","guid":{"rendered":"https:\/\/rozbiorkigryzakow.pl\/?post_type=product&#038;p=9453"},"modified":"2026-04-21T11:08:05","modified_gmt":"2026-04-21T09:08:05","slug":"suszone-mieso-sarny-2","status":"publish","type":"product","link":"https:\/\/rozbiorkigryzakow.pl\/index.php\/produkt\/suszone-mieso-sarny-2\/","title":{"rendered":"Suszone mi\u0119so Sarny"},"content":{"rendered":"<p>Nagroda za sztuczk\u0119 lub zabawa sama w sobie \u2014 aromatyczne k\u0105ski suszonego mi\u0119sa gwarantuj\u0105 to, co najlepsze. Od teraz wszystkie polecenia psiak wykona bez zastanowienia, je\u015bli b\u0119dzie czeka\u0142 na niego tak smakowity motywator.<\/p>\n<p>No\u015bnikiem n\u0119c\u0105cych zapach\u00f3w w mi\u0119sie jest t\u0142uszcz, kt\u00f3ry delikatnym aromatem zach\u0119ca psy do aportowania, podawania \u0142apki czy turlania si\u0119 i ka\u017cdej komendy, kt\u00f3r\u0105 w\u0142a\u015bnie \u0107wiczycie.<\/p>\n<p>Suszone mi\u0119so Sarny przygotowuj\u0119 w postaci ma\u0142ych, nieregularnych k\u0105sk\u00f3w. Susz\u0119 je ch\u0142odnym powietrzem, co pozwala zachowa\u0107 wszystkie sk\u0142adniki od\u017cywcze bez nadmiaru wody.<\/p>\n<p>Suche k\u0105ski maj\u0105 zapach wyczuwalny ludzkim nosem, ale jest on delikatny.<\/p>\n<p>W ka\u017cdym opakowaniu znajdziesz 50 g kawa\u0142eczk\u00f3w suszonego daniela<br \/>\nPami\u0119taj, \u017ce susz\u0119 mi\u0119so na Twoje zam\u00f3wienie. <strong>Przesy\u0142ki nadaje w dniach 27-28 kwietnia<\/strong><\/p>\n","protected":false},"excerpt":{"rendered":"<p>Aromatyczne k\u0105ski suszonego mi\u0119sa. \u017baden pies nie przejdzie obok nich oboj\u0119tnie! \u015awietna nagroda za &#8222;daj \u0142ap\u0119&#8221; czy &#8222;g\u0142os&#8221; a do tego obowi\u0105zkowo:<br \/>\n&#8211; BEZ konserwant\u00f3w<br \/>\n&#8211; BEZ polepszaczy<br \/>\n<strong>Smako\u0142yk robi\u0119 na Twoje zam\u00f3wienie. Przesy\u0142ki nadaje w dniach 27-28 kwietnia<\/strong><\/p>\n","protected":false},"featured_media":11254,"template":"","meta":[],"product_brand":[],"product_cat":[21],"product_tag":[],"class_list":{"0":"post-9453","1":"product","2":"type-product","3":"status-publish","4":"has-post-thumbnail","6":"product_cat-mieso","8":"first","9":"outofstock","10":"taxable","11":"shipping-taxable","12":"purchasable","13":"product-type-simple"},"jetpack_sharing_enabled":true,"_links":{"self":[{"href":"https:\/\/rozbiorkigryzakow.pl\/index.php\/wp-json\/wp\/v2\/product\/9453","targetHints":{"allow":["GET"]}}],"collection":[{"href":"https:\/\/rozbiorkigryzakow.pl\/index.php\/wp-json\/wp\/v2\/product"}],"about":[{"href":"https:\/\/rozbiorkigryzakow.pl\/index.php\/wp-json\/wp\/v2\/types\/product"}],"wp:featuredmedia":[{"embeddable":true,"href":"https:\/\/rozbiorkigryzakow.pl\/index.php\/wp-json\/wp\/v2\/media\/11254"}],"wp:attachment":[{"href":"https:\/\/rozbiorkigryzakow.pl\/index.php\/wp-json\/wp\/v2\/media?parent=9453"}],"wp:term":[{"taxonomy":"product_brand","embeddable":true,"href":"https:\/\/rozbiorkigryzakow.pl\/index.php\/wp-json\/wp\/v2\/product_brand?post=9453"},{"taxonomy":"product_cat","embeddable":true,"href":"https:\/\/rozbiorkigryzakow.pl\/index.php\/wp-json\/wp\/v2\/product_cat?post=9453"},{"taxonomy":"product_tag","embeddable":true,"href":"https:\/\/rozbiorkigryzakow.pl\/index.php\/wp-json\/wp\/v2\/product_tag?post=9453"}],"curies":[{"name":"wp","href":"https:\/\/api.w.org\/{rel}","templated":true}]}}