

{"id":7743,"date":"2022-09-16T21:45:07","date_gmt":"2022-09-16T19:45:07","guid":{"rendered":"http:\/\/rozbiorkigryzakow.pl\/?post_type=product&#038;p=7743"},"modified":"2026-04-21T11:08:31","modified_gmt":"2026-04-21T09:08:31","slug":"suszone-mieso-baranie","status":"publish","type":"product","link":"https:\/\/rozbiorkigryzakow.pl\/index.php\/produkt\/suszone-mieso-baranie\/","title":{"rendered":"Suszone mi\u0119so Baranie"},"content":{"rendered":"<p>No\u015bnikiem n\u0119c\u0105cych zapach\u00f3w w mi\u0119sie jest t\u0142uszcz, kt\u00f3ry delikatnym aromatem zach\u0119ca psy do aportowania, podawania \u0142apki czy turlania si\u0119 i ka\u017cdej komendy, kt\u00f3r\u0105 w\u0142a\u015bnie \u0107wiczycie. Tego t\u0142uszczyku w baraninie jest ca\u0142kiem sporo.<\/p>\n<p>Suszon\u0105 baranin\u0119 przygotowuj\u0119 w postaci ma\u0142ych, nieregularnych k\u0105sk\u00f3w. Susz\u0119 je ch\u0142odnym powietrzem, co pozwala zachowa\u0107 wszystkie sk\u0142adniki od\u017cywcze bez nadmiaru wody. Ca\u0142y t\u0142uszcz, kt\u00f3ry jest no\u015bnikiem smaku, pozostaje nieroztopiony i jeszcze mocniej kusi psa do gryzienia i lizania. Suszona Baranina jest poprzerastana t\u0142uszczykiem. Gdybym mia\u0142a j\u0105 por\u00f3wna\u0107 do mi\u0119s, kt\u00f3re suszy\u0142am do tej pory, najbli\u017cej jej do muflona, chocia\u017c zapach jest jednak inny.<\/p>\n<p>W ka\u017cdym opakowaniu znajdziesz 50 g kawa\u0142eczk\u00f3w suszonej baraniny.<br \/>\nPami\u0119taj, \u017ce susz\u0119 mi\u0119so na Twoje zam\u00f3wienie. <strong>Przesy\u0142ki nadaje w dniach 27-28 kwietnia<\/strong><\/p>\n","protected":false},"excerpt":{"rendered":"<p>Aromatyczne k\u0105ski suszonego mi\u0119sa. \u017baden pies nie przejdzie obok nich oboj\u0119tnie! \u015awietna nagroda za &#8222;daj \u0142ap\u0119&#8221; czy &#8222;g\u0142os&#8221; a do tego obowi\u0105zkowo:<br \/>\n&#8211; BEZ konserwant\u00f3w<br \/>\n&#8211; BEZ polepszaczy<br \/>\n<strong>Smako\u0142yk robi\u0119 na Twoje zam\u00f3wienie. Przesy\u0142ki nadaje w dniach 27-28 kwietnia<\/strong><\/p>\n","protected":false},"featured_media":8264,"template":"","meta":[],"product_brand":[],"product_cat":[21],"product_tag":[],"class_list":{"0":"post-7743","1":"product","2":"type-product","3":"status-publish","4":"has-post-thumbnail","6":"product_cat-mieso","8":"first","9":"outofstock","10":"taxable","11":"shipping-taxable","12":"purchasable","13":"product-type-simple"},"jetpack_sharing_enabled":true,"_links":{"self":[{"href":"https:\/\/rozbiorkigryzakow.pl\/index.php\/wp-json\/wp\/v2\/product\/7743","targetHints":{"allow":["GET"]}}],"collection":[{"href":"https:\/\/rozbiorkigryzakow.pl\/index.php\/wp-json\/wp\/v2\/product"}],"about":[{"href":"https:\/\/rozbiorkigryzakow.pl\/index.php\/wp-json\/wp\/v2\/types\/product"}],"wp:featuredmedia":[{"embeddable":true,"href":"https:\/\/rozbiorkigryzakow.pl\/index.php\/wp-json\/wp\/v2\/media\/8264"}],"wp:attachment":[{"href":"https:\/\/rozbiorkigryzakow.pl\/index.php\/wp-json\/wp\/v2\/media?parent=7743"}],"wp:term":[{"taxonomy":"product_brand","embeddable":true,"href":"https:\/\/rozbiorkigryzakow.pl\/index.php\/wp-json\/wp\/v2\/product_brand?post=7743"},{"taxonomy":"product_cat","embeddable":true,"href":"https:\/\/rozbiorkigryzakow.pl\/index.php\/wp-json\/wp\/v2\/product_cat?post=7743"},{"taxonomy":"product_tag","embeddable":true,"href":"https:\/\/rozbiorkigryzakow.pl\/index.php\/wp-json\/wp\/v2\/product_tag?post=7743"}],"curies":[{"name":"wp","href":"https:\/\/api.w.org\/{rel}","templated":true}]}}