

{"id":7437,"date":"2022-07-15T17:19:31","date_gmt":"2022-07-15T15:19:31","guid":{"rendered":"http:\/\/rozbiorkigryzakow.pl\/?post_type=product&#038;p=7437"},"modified":"2026-04-18T10:37:13","modified_gmt":"2026-04-18T08:37:13","slug":"suszone-mieso-muflona-2","status":"publish","type":"product","link":"https:\/\/rozbiorkigryzakow.pl\/index.php\/produkt\/suszone-mieso-muflona-2\/","title":{"rendered":"Suszone mi\u0119so Muflona"},"content":{"rendered":"<p>Nagroda za sztuczk\u0119 lub zabawa sama w sobie \u2014 aromatyczne k\u0105ski suszonego mi\u0119sa gwarantuj\u0105 to, co najlepsze. Od teraz wszystkie polecenia psiak wykona bez zastanowienia, je\u015bli b\u0119dzie czeka\u0142 na niego tak smakowity motywator.<\/p>\n<p>No\u015bnikiem n\u0119c\u0105cych zapach\u00f3w w mi\u0119sie jest t\u0142uszcz, kt\u00f3ry delikatnym aromatem zach\u0119ca psy do aportowania, podawania \u0142apki czy turlania si\u0119 i ka\u017cdej komendy, kt\u00f3r\u0105 w\u0142a\u015bnie \u0107wiczycie.<\/p>\n<p>Suszone mi\u0119so Muflona przygotowuj\u0119 w postaci ma\u0142ych, nieregularnych k\u0105sk\u00f3w. Susz\u0119 je letnim powietrzem, co pozwala zachowa\u0107 wszystkie sk\u0142adniki od\u017cywcze bez nadmiaru wody. Ca\u0142y t\u0142uszcz, kt\u00f3ry jest no\u015bnikiem smaku, pozostaje nieroztopiony i jeszcze mocniej kusi psa do gryzienia i lizania.<\/p>\n<p><strong>Suche k\u0105ski mi\u0119sa nie maj\u0105 intensywnego zapachu dla ludzkiego nosa, za to bardzo intensywne dla psiego noska. Mi\u0119sko jest zdecydowanie t\u0142uste.<\/strong><\/p>\n<p>W ka\u017cdym opakowaniu znajdziesz 50 g kawa\u0142eczk\u00f3w<br \/>\nPami\u0119taj, \u017ce susz\u0119 mi\u0119so na Twoje zam\u00f3wienie. <strong>Przesy\u0142ki nadaje w dniach 27-28 kwietnia<\/strong><\/p>\n","protected":false},"excerpt":{"rendered":"<p>Aromatyczne k\u0105ski suszonego mi\u0119sa. \u017baden pies nie przejdzie obok nich oboj\u0119tnie! \u015awietna nagroda za \u201edaj \u0142ap\u0119\u201d czy \u201eg\u0142os\u201d a do tego obowi\u0105zkowo:<br \/>\n\u2013 BEZ konserwant\u00f3w<br \/>\n\u2013 BEZ polepszaczy<br \/>\n<strong>Smako\u0142yk robi\u0119 na Twoje zam\u00f3wienie. Przesy\u0142ki nadaje w dniach 27-28 kwietnia<\/strong><\/p>\n","protected":false},"featured_media":7738,"template":"","meta":[],"product_brand":[],"product_cat":[21],"product_tag":[],"class_list":{"0":"post-7437","1":"product","2":"type-product","3":"status-publish","4":"has-post-thumbnail","6":"product_cat-mieso","8":"first","9":"instock","10":"taxable","11":"shipping-taxable","12":"purchasable","13":"product-type-simple"},"jetpack_sharing_enabled":true,"_links":{"self":[{"href":"https:\/\/rozbiorkigryzakow.pl\/index.php\/wp-json\/wp\/v2\/product\/7437","targetHints":{"allow":["GET"]}}],"collection":[{"href":"https:\/\/rozbiorkigryzakow.pl\/index.php\/wp-json\/wp\/v2\/product"}],"about":[{"href":"https:\/\/rozbiorkigryzakow.pl\/index.php\/wp-json\/wp\/v2\/types\/product"}],"wp:featuredmedia":[{"embeddable":true,"href":"https:\/\/rozbiorkigryzakow.pl\/index.php\/wp-json\/wp\/v2\/media\/7738"}],"wp:attachment":[{"href":"https:\/\/rozbiorkigryzakow.pl\/index.php\/wp-json\/wp\/v2\/media?parent=7437"}],"wp:term":[{"taxonomy":"product_brand","embeddable":true,"href":"https:\/\/rozbiorkigryzakow.pl\/index.php\/wp-json\/wp\/v2\/product_brand?post=7437"},{"taxonomy":"product_cat","embeddable":true,"href":"https:\/\/rozbiorkigryzakow.pl\/index.php\/wp-json\/wp\/v2\/product_cat?post=7437"},{"taxonomy":"product_tag","embeddable":true,"href":"https:\/\/rozbiorkigryzakow.pl\/index.php\/wp-json\/wp\/v2\/product_tag?post=7437"}],"curies":[{"name":"wp","href":"https:\/\/api.w.org\/{rel}","templated":true}]}}