

{"id":7436,"date":"2022-07-15T17:19:30","date_gmt":"2022-07-15T15:19:30","guid":{"rendered":"http:\/\/rozbiorkigryzakow.pl\/?post_type=product&#038;p=7436"},"modified":"2026-04-21T11:08:50","modified_gmt":"2026-04-21T09:08:50","slug":"skora-krolika-2","status":"publish","type":"product","link":"https:\/\/rozbiorkigryzakow.pl\/index.php\/produkt\/skora-krolika-2\/","title":{"rendered":"Sk\u00f3ra Kr\u00f3lika"},"content":{"rendered":"<p>Tw\u00f3j pies zas\u0142uguje na najlepsze frykasy. Ma\u0142y i miniaturowy piesek zachwyci si\u0119 smakiem, aromatem i mo\u017cliwo\u015bciami zabawy sk\u00f3rk\u0105 z kr\u00f3lika.<\/p>\n<p>Paski sk\u00f3ry z kr\u00f3lika s\u0105 cienkie i do\u015b\u0107 kruche, s\u0105 otoczone cieniutk\u0105 warstw\u0105 t\u0142uszczyku. S\u0105 odpowiednie dla szczeni\u0105t. Jak ka\u017cdy inny gryzak, sk\u00f3rki nale\u017cy podawa\u0107 psu pod naszym czujnym okiem.<\/p>\n<p>Sk\u00f3ry robi\u0119 dla Twojego psa na zam\u00f3wienie, zachowuj\u0105 ca\u0142y aromat, kt\u00f3remu \u017caden psiak si\u0119 nie oprze. Wszystkie gryzaki przygotowuj\u0119 sama, wi\u0119c wiem, \u017ce nie ma w nich zb\u0119dnych polepszaczy, jedynie suszona sk\u00f3ra kr\u00f3lika.<\/p>\n<p>W papierowym opakowaniu s\u0105 3 sk\u00f3rki o d\u0142ugo\u015bci 12 &#8211; 15 cm.<\/p>\n<p>Pami\u0119taj, prosz\u0119, \u017ce wszystkie gryzaki ze sk\u00f3ry s\u0105 suszone i przygotowywane specjalnie na Twoje zam\u00f3wienie. Dzi\u0119ki temu pozostaj\u0105 bardzo aromatyczne na d\u0142ugo.<\/p>\n<p><strong>Przesy\u0142ki nadaje w dniach 27-28 kwietnia<\/strong><\/p>\n","protected":false},"excerpt":{"rendered":"<p>Bardzo aromatyczna, zdrowa bo suszona. Bez zb\u0119dnych polepszaczy. Gryzak wy\u0142\u0105cznie dla miniaturowych i ma\u0142ych piesk\u00f3w oraz szczeni\u0105t ma\u0142ych ras . <strong>Smako\u0142yk robi\u0119 na Twoje zam\u00f3wienie. Przesy\u0142ki nadaje w dniach 27-28 kwietnia<\/strong><\/p>\n<p>&nbsp;<\/p>\n<p><strong>\u00a0<\/strong><\/p>\n","protected":false},"featured_media":6095,"template":"","meta":[],"product_brand":[],"product_cat":[15,20],"product_tag":[],"class_list":{"0":"post-7436","1":"product","2":"type-product","3":"status-publish","4":"has-post-thumbnail","6":"product_cat-bez-kategorii","7":"product_cat-skory","9":"first","10":"outofstock","11":"taxable","12":"shipping-taxable","13":"purchasable","14":"product-type-simple"},"jetpack_sharing_enabled":true,"_links":{"self":[{"href":"https:\/\/rozbiorkigryzakow.pl\/index.php\/wp-json\/wp\/v2\/product\/7436","targetHints":{"allow":["GET"]}}],"collection":[{"href":"https:\/\/rozbiorkigryzakow.pl\/index.php\/wp-json\/wp\/v2\/product"}],"about":[{"href":"https:\/\/rozbiorkigryzakow.pl\/index.php\/wp-json\/wp\/v2\/types\/product"}],"wp:featuredmedia":[{"embeddable":true,"href":"https:\/\/rozbiorkigryzakow.pl\/index.php\/wp-json\/wp\/v2\/media\/6095"}],"wp:attachment":[{"href":"https:\/\/rozbiorkigryzakow.pl\/index.php\/wp-json\/wp\/v2\/media?parent=7436"}],"wp:term":[{"taxonomy":"product_brand","embeddable":true,"href":"https:\/\/rozbiorkigryzakow.pl\/index.php\/wp-json\/wp\/v2\/product_brand?post=7436"},{"taxonomy":"product_cat","embeddable":true,"href":"https:\/\/rozbiorkigryzakow.pl\/index.php\/wp-json\/wp\/v2\/product_cat?post=7436"},{"taxonomy":"product_tag","embeddable":true,"href":"https:\/\/rozbiorkigryzakow.pl\/index.php\/wp-json\/wp\/v2\/product_tag?post=7436"}],"curies":[{"name":"wp","href":"https:\/\/api.w.org\/{rel}","templated":true}]}}