

{"id":7431,"date":"2022-07-15T17:15:05","date_gmt":"2022-07-15T15:15:05","guid":{"rendered":"http:\/\/rozbiorkigryzakow.pl\/?post_type=product&#038;p=7431"},"modified":"2026-04-18T15:08:43","modified_gmt":"2026-04-18T13:08:43","slug":"skora-z-jelenia-2","status":"publish","type":"product","link":"https:\/\/rozbiorkigryzakow.pl\/index.php\/produkt\/skora-z-jelenia-2\/","title":{"rendered":"Sk\u00f3ra z Jelenia"},"content":{"rendered":"<p>Tw\u00f3j pies zas\u0142uguje na najlepsze frykasy, dlatego suszona sk\u00f3ra z jelenia b\u0119dzie idealnym wyborem. Ma\u0142y i \u015bredni piesek zachwyci si\u0119 smakiem, aromatem i mo\u017cliwo\u015bciami zabawy.<\/p>\n<p>Gryzak ze sk\u00f3ry jelenia jest wystarczaj\u0105co twardy dla ma\u0142ych i \u015brednich piesk\u00f3w. Nie wygina si\u0119 \u0142atwo podczas gryzienia, wi\u0119c b\u0119dzie zaj\u0119ciem na d\u0142u\u017cej. Paski z jelenia s\u0105 grubsze i twardsze ni\u017c z sarny.<\/p>\n<p>Przygotowywane na zam\u00f3wienie zachowuj\u0105 ca\u0142y aromat, kt\u00f3remu \u017caden psiak si\u0119 nie oprze.Wszystkie gryzaki przygotowuj\u0119 sama, wi\u0119c wiem, \u017ce nie ma w nich zb\u0119dnych polepszaczy, jedynie suszona sk\u00f3ra jelenia.\u00a0Zdrowe i naturalne gryzaki, na kt\u00f3re zas\u0142uguje Tw\u00f3j pies. Zam\u00f3wienie sk\u0142ada si\u0119 z 3 sk\u00f3rek o d\u0142ugo\u015bci 12 &#8211; 15 cm.<\/p>\n<p>Pami\u0119taj, prosz\u0119, \u017ce wszystkie gryzaki ze sk\u00f3ry s\u0105 suszone i przygotowywane specjalnie na Twoje zam\u00f3wienie. Dzi\u0119ki temu pozostaj\u0105 \u015bwie\u017ce i bardzo aromatyczne na d\u0142ugo.<\/p>\n<p><strong>Przesy\u0142ki nadaje w dniach 27-28 kwietnia<\/strong><\/p>\n","protected":false},"excerpt":{"rendered":"<p>Pyszny naturalny gryzak dla ma\u0142ych i \u015brednich ps\u00f3w.<\/p>\n<p>Bez aromat\u00f3w<\/p>\n<p>Bez konserwant\u00f3w<\/p>\n<p>Suszony a nie w\u0119dzony<\/p>\n<p><strong>Przesy\u0142ki nadaje w dniach 27-28 kwietnia<\/strong><\/p>\n","protected":false},"featured_media":29,"template":"","meta":[],"product_brand":[],"product_cat":[15,20],"product_tag":[],"class_list":{"0":"post-7431","1":"product","2":"type-product","3":"status-publish","4":"has-post-thumbnail","6":"product_cat-bez-kategorii","7":"product_cat-skory","9":"first","10":"instock","11":"taxable","12":"shipping-taxable","13":"purchasable","14":"product-type-simple"},"jetpack_sharing_enabled":true,"_links":{"self":[{"href":"https:\/\/rozbiorkigryzakow.pl\/index.php\/wp-json\/wp\/v2\/product\/7431","targetHints":{"allow":["GET"]}}],"collection":[{"href":"https:\/\/rozbiorkigryzakow.pl\/index.php\/wp-json\/wp\/v2\/product"}],"about":[{"href":"https:\/\/rozbiorkigryzakow.pl\/index.php\/wp-json\/wp\/v2\/types\/product"}],"wp:featuredmedia":[{"embeddable":true,"href":"https:\/\/rozbiorkigryzakow.pl\/index.php\/wp-json\/wp\/v2\/media\/29"}],"wp:attachment":[{"href":"https:\/\/rozbiorkigryzakow.pl\/index.php\/wp-json\/wp\/v2\/media?parent=7431"}],"wp:term":[{"taxonomy":"product_brand","embeddable":true,"href":"https:\/\/rozbiorkigryzakow.pl\/index.php\/wp-json\/wp\/v2\/product_brand?post=7431"},{"taxonomy":"product_cat","embeddable":true,"href":"https:\/\/rozbiorkigryzakow.pl\/index.php\/wp-json\/wp\/v2\/product_cat?post=7431"},{"taxonomy":"product_tag","embeddable":true,"href":"https:\/\/rozbiorkigryzakow.pl\/index.php\/wp-json\/wp\/v2\/product_tag?post=7431"}],"curies":[{"name":"wp","href":"https:\/\/api.w.org\/{rel}","templated":true}]}}