

{"id":7426,"date":"2022-07-15T17:14:50","date_gmt":"2022-07-15T15:14:50","guid":{"rendered":"http:\/\/rozbiorkigryzakow.pl\/?post_type=product&#038;p=7426"},"modified":"2026-04-18T09:25:33","modified_gmt":"2026-04-18T07:25:33","slug":"gryzak-z-poroza-s","status":"publish","type":"product","link":"https:\/\/rozbiorkigryzakow.pl\/index.php\/produkt\/gryzak-z-poroza-s\/","title":{"rendered":"Gryzak z poro\u017ca &#8211; S"},"content":{"rendered":"<p>Tw\u00f3j pies niszczy meble w domu? Gryzie zabawki i kapcie?<br \/>\nGryzak z poro\u017ca w rozmiarze S jest idealnym zaj\u0119ciem dla \u015bredniego i wi\u0119kszego psa. Idealny do zabaw, a wraz z k\u0105skami z jeleniny lub wieprzowiny, tak\u017ce do nauki aportowania.<\/p>\n<p>A mo\u017ce wiesz, \u017ce Twojemu psu przyda\u0142oby si\u0119 czyszczenie z\u0119b\u00f3w? Osad naz\u0119bny jest ju\u017c pierwszym krokiem do kamienia. Oczywi\u015bcie nie ma cud\u00f3w, \u017caden gryzak nie poradzi sobie z kamieniem, ale mo\u017ce pozytywnie wp\u0142yn\u0105\u0107 na rozpuszczenie osadu. Podczas gryzienia wydziela si\u0119 sporo \u015bliny a ta pomaga w zachowaniu higieny pyszczka.<\/p>\n<p>Twardy gryzak b\u0119dzie zaj\u0119ciem na d\u0142ugo, a jednocze\u015bnie pies si\u0119 nim nie znudzi. Aromat zamkni\u0119ty we wn\u0119trzu poro\u017ca b\u0119dzie n\u0119ci\u0142 i zach\u0119ca\u0142 do nieustannego mem\u0142ania.<\/p>\n<p>Ka\u017cdy gryzak jest czyszczony r\u0119cznie. Polerowane s\u0105 te\u017c ostre kraw\u0119dzie, kt\u00f3re mog\u0142yby skrzywdzi\u0107 psa. Wa\u017cnym procesem jest te\u017c obr\u00f3bka termiczna, kt\u00f3ra usuwa niepo\u017c\u0105dane bakterie.<br \/>\nPoro\u017ce zachowuje swoje w\u0142a\u015bciwo\u015bci od\u017cywcze i jest ca\u0142kowicie bezpieczne.<\/p>\n<p>Pierwsze spotkanie z gryzakiem jest dla psa nowym do\u015bwiadczeniem. Daj mu czas na oswojenie. Samo poro\u017ce jest bezwonne i czyste po przygotowaniu, odwrotnie ni\u017c zwyczajne gryzaki. Gdy pies ju\u017c pozna si\u0119 na jego w\u0142a\u015bciwo\u015bciach, nie odpu\u015bci. Nawet Ty zakochasz si\u0119 w tym gryzaku! Poro\u017ce nie brudzi i nie zostawia zapachu, dlatego mo\u017cesz spokojnie przygl\u0105da\u0107 si\u0119 zabawom (nawet tym na kanapie).<\/p>\n<p>Poro\u017ce to twardy materia\u0142. Je\u015bli masz szczeniaczka, kt\u00f3ry wymienia z\u0119by lub starszego psa, to taki gryzak nie b\u0119dzie dla niego dobry. Pies m\u00f3g\u0142by uszkodzi\u0107 sobie z\u0119by, kt\u00f3re dopiero wychodz\u0105 albo s\u0105 os\u0142abione. Najm\u0142odsze i najstarsze psiaki b\u0119d\u0105 tak samo szcz\u0119\u015bliwe podczas gryzienia suszonej sk\u00f3ry z sarny lub jelenia.<\/p>\n<p>Gryzaki wykonane s\u0105 ze zrzut\u00f3w poro\u017ca \u2014 parostk\u00f3w samca sarny \u2014 koz\u0142a. Poro\u017ce zrzucane jest raz w roku i przy odrobinie szcz\u0119\u015bcia mo\u017cna je znale\u017a\u0107 w lesie. Pozyskanie smako\u0142yku nie wi\u0105\u017ce si\u0119 z krzywd\u0105 \u017cadnego zwierz\u0119cia.<\/p>\n<p>Przygotowywane przeze mnie gryzaki maj\u0105 zazwyczaj od 15 do 20 cm. Zdarza si\u0119 te\u017c poro\u017ce du\u017co wi\u0119ksze, co jest jeszcze wi\u0119ksz\u0105 frajd\u0105 dla Twojego psiaka.<br \/>\nGryzaki przygotowuj\u0119 z poro\u017ca, kt\u00f3re czyszcz\u0119, myj\u0119 i poleruj\u0119 na Twoje zam\u00f3wienie. <strong>Przesy\u0142ki nadaje w dniach 27-28 kwietnia<\/strong><\/p>\n","protected":false},"excerpt":{"rendered":"<p>Twardy gryzak do mem\u0142ania, aportowania i innych zabaw. Typowy czasoumilacz wolnych chwil. Gryzak jest przeznaczony dla \u015brednich ps\u00f3w. <strong>Gryzak przygotowuj\u0119 na Twoje zam\u00f3wienie. Przesy\u0142ki nadaje w dniach 27-28 kwietnia<\/strong><br \/>\n<strong>Uwaga! Tylko dla ps\u00f3w z siln\u0105 potrzeb\u0105 gryzienia.<\/strong><\/p>\n","protected":false},"featured_media":21,"template":"","meta":[],"product_brand":[],"product_cat":[15],"product_tag":[],"class_list":{"0":"post-7426","1":"product","2":"type-product","3":"status-publish","4":"has-post-thumbnail","6":"product_cat-bez-kategorii","8":"first","9":"outofstock","10":"taxable","11":"shipping-taxable","12":"purchasable","13":"product-type-simple"},"jetpack_sharing_enabled":true,"_links":{"self":[{"href":"https:\/\/rozbiorkigryzakow.pl\/index.php\/wp-json\/wp\/v2\/product\/7426","targetHints":{"allow":["GET"]}}],"collection":[{"href":"https:\/\/rozbiorkigryzakow.pl\/index.php\/wp-json\/wp\/v2\/product"}],"about":[{"href":"https:\/\/rozbiorkigryzakow.pl\/index.php\/wp-json\/wp\/v2\/types\/product"}],"wp:featuredmedia":[{"embeddable":true,"href":"https:\/\/rozbiorkigryzakow.pl\/index.php\/wp-json\/wp\/v2\/media\/21"}],"wp:attachment":[{"href":"https:\/\/rozbiorkigryzakow.pl\/index.php\/wp-json\/wp\/v2\/media?parent=7426"}],"wp:term":[{"taxonomy":"product_brand","embeddable":true,"href":"https:\/\/rozbiorkigryzakow.pl\/index.php\/wp-json\/wp\/v2\/product_brand?post=7426"},{"taxonomy":"product_cat","embeddable":true,"href":"https:\/\/rozbiorkigryzakow.pl\/index.php\/wp-json\/wp\/v2\/product_cat?post=7426"},{"taxonomy":"product_tag","embeddable":true,"href":"https:\/\/rozbiorkigryzakow.pl\/index.php\/wp-json\/wp\/v2\/product_tag?post=7426"}],"curies":[{"name":"wp","href":"https:\/\/api.w.org\/{rel}","templated":true}]}}