

{"id":7425,"date":"2022-07-15T17:14:49","date_gmt":"2022-07-15T15:14:49","guid":{"rendered":"http:\/\/rozbiorkigryzakow.pl\/?post_type=product&#038;p=7425"},"modified":"2026-04-18T09:15:14","modified_gmt":"2026-04-18T07:15:14","slug":"ciastka-bez-maki-wieprzowe-2","status":"publish","type":"product","link":"https:\/\/rozbiorkigryzakow.pl\/index.php\/produkt\/ciastka-bez-maki-wieprzowe-2\/","title":{"rendered":"Ciastka BEZ M\u0104KI &#8211; wieprzowe"},"content":{"rendered":"<p>Nie masz poj\u0119cia, jak nagrodzi\u0107 swojego psa, a nauczy\u0142 si\u0119 nowej sztuczki? A mo\u017ce w\u0142a\u015bnie chcesz go zmotywowa\u0107? Mi\u0119sne ciasteczka z wieprzowin\u0105 to rozwi\u0105zanie Twojego problemu!<\/p>\n<p>Je\u015bli szukasz ciasteczek najwy\u017cszej jako\u015bci, bez zb\u0119dnych lub szkodliwych dla Twojego pupila wype\u0142niaczy, to \u015bwietnie trafi\u0142e\u015b. Moje ciasteczka z mi\u0119sa wieprzowego to 100% wieprzowiny najwy\u017cszej jako\u015bci.<\/p>\n<p>Mi\u0119so pochodzi z bezpiecznego \u017ar\u00f3d\u0142a, zawsze jest przebadane. Kupuj\u0119 i sama miel\u0119 wieprzowin\u0119 I klasy przeznaczon\u0105 do og\u00f3lnej sprzeda\u017cy dla ludzi. Samo zdrowie!<\/p>\n<p>Nie dodaj\u0119 szkodliwych dla zwierz\u0105t dodatk\u00f3w jak m\u0105ki zawieraj\u0105ce gluten.<\/p>\n<p>Wszystkie piek\u0119 i kroj\u0119 sama, dlatego ciasteczka nie s\u0105 jednakowe. Ich wielko\u015b\u0107 waha si\u0119 od kwadracik\u00f3w 1 \u00d7 1 cm do 2 \u00d7 2 cm.<\/p>\n<p>Ciasteczka dla ps\u00f3w NIE zawieraj\u0105 \u017cadnych konserwant\u00f3w, polepszaczy czy wype\u0142niaczy i s\u0105 bezglutenowe.<\/p>\n<p>Mi\u0119sne k\u0105ski \u0142atwo si\u0119 dziel\u0105, dzi\u0119ki czemu s\u0105 idealne jako nagroda. Tw\u00f3j pies na pewno b\u0119dzie zadowolony z takiego smako\u0142yku. Du\u017cy pies s\u0105siada i male\u0144ki kole\u017canki tak\u017ce, bo to k\u0105ski dla wszystkich ras i wielko\u015bci.<\/p>\n<p>Ciasteczka pakuj\u0119 w torebki. W ka\u017cdej znajduje si\u0119 50 g aromatycznych kawa\u0142eczk\u00f3w, \u0142\u0105cznie kilkana\u015bcie sztuk.<\/p>\n<p>Pami\u0119taj, prosz\u0119, \u017ce ciasteczka s\u0105 wypiekane specjalnie na Twoje zam\u00f3wienie. Wszystkie k\u0105ski przygotowuj\u0119 na bie\u017c\u0105co, aby pozosta\u0142y \u015bwie\u017ce i pyszne dla naszych pupili. <strong>Przesy\u0142ki nadaje w dniach\u00a0<\/strong><strong>27-28 kwietnia<\/strong><\/p>\n","protected":false},"excerpt":{"rendered":"<p>Tw\u00f3j pupil nie przejdzie obok ciasteczek oboj\u0119tnie, wypiekam ciastka z najwy\u017cszej jako\u015bci sk\u0142adnik\u00f3w. S\u0105 aromatyczne i co wa\u017cne:<br \/>\n&#8211; bez konserwant\u00f3w<br \/>\n&#8211; bez wype\u0142niaczy<br \/>\n&#8211; BEZ M\u0104KI i m\u0105czek<\/p>\n<p><strong>Smako\u0142yk robi\u0119 na Twoje zam\u00f3wienie. Przesy\u0142ki nadaje w dniach 27-28 kwietnia<\/strong><\/p>\n","protected":false},"featured_media":1962,"template":"","meta":[],"product_brand":[],"product_cat":[24],"product_tag":[],"class_list":{"0":"post-7425","1":"product","2":"type-product","3":"status-publish","4":"has-post-thumbnail","6":"product_cat-ciastka","7":"product_shipping_class-poczta-polska","9":"first","10":"instock","11":"taxable","12":"shipping-taxable","13":"purchasable","14":"product-type-simple"},"jetpack_sharing_enabled":true,"_links":{"self":[{"href":"https:\/\/rozbiorkigryzakow.pl\/index.php\/wp-json\/wp\/v2\/product\/7425","targetHints":{"allow":["GET"]}}],"collection":[{"href":"https:\/\/rozbiorkigryzakow.pl\/index.php\/wp-json\/wp\/v2\/product"}],"about":[{"href":"https:\/\/rozbiorkigryzakow.pl\/index.php\/wp-json\/wp\/v2\/types\/product"}],"wp:featuredmedia":[{"embeddable":true,"href":"https:\/\/rozbiorkigryzakow.pl\/index.php\/wp-json\/wp\/v2\/media\/1962"}],"wp:attachment":[{"href":"https:\/\/rozbiorkigryzakow.pl\/index.php\/wp-json\/wp\/v2\/media?parent=7425"}],"wp:term":[{"taxonomy":"product_brand","embeddable":true,"href":"https:\/\/rozbiorkigryzakow.pl\/index.php\/wp-json\/wp\/v2\/product_brand?post=7425"},{"taxonomy":"product_cat","embeddable":true,"href":"https:\/\/rozbiorkigryzakow.pl\/index.php\/wp-json\/wp\/v2\/product_cat?post=7425"},{"taxonomy":"product_tag","embeddable":true,"href":"https:\/\/rozbiorkigryzakow.pl\/index.php\/wp-json\/wp\/v2\/product_tag?post=7425"}],"curies":[{"name":"wp","href":"https:\/\/api.w.org\/{rel}","templated":true}]}}