

{"id":14495,"date":"2026-04-18T08:47:39","date_gmt":"2026-04-18T06:47:39","guid":{"rendered":"https:\/\/rozbiorkigryzakow.pl\/?post_type=product&#038;p=14495"},"modified":"2026-04-18T14:33:47","modified_gmt":"2026-04-18T12:33:47","slug":"sciegno-jelenia-zakrecone-1","status":"publish","type":"product","link":"https:\/\/rozbiorkigryzakow.pl\/index.php\/produkt\/sciegno-jelenia-zakrecone-1\/","title":{"rendered":"\u015aci\u0119gno Jelenia &#8211; zakr\u0119cone"},"content":{"rendered":"<p>\u015aci\u0119gno Achillesa to wyj\u0105tkowy gryzak dla ma\u0142ych i \u015brednich ps\u00f3w. Wytrzyma\u0142y i o bardzo przyjemnym zapachu.<\/p>\n<p>Idealny dla ps\u00f3w z problemami trawiennymi &#8211; pies b\u0119dzie go \u017cu\u0142 a nie zjada\u0142.<\/p>\n<p>\u015aci\u0119gno ma 20-25 cm i jest odpowiednie dla doros\u0142ych ps\u00f3w, kt\u00f3re bardzo lubi\u0105 gry\u017a\u0107. Jest o wiele twardsze np. od sk\u00f3ry z Jelenia.<\/p>\n<p>Opakowanie zawiera 1 sztuk\u0119 \u015bci\u0119gna Achillesa Jelenia<\/p>\n<p><strong>Wszystkie smako\u0142yki i gryzaki przygotowuje na zam\u00f3wienie, przesy\u0142ki nadam 27-28 kwietnia<\/strong><\/p>\n","protected":false},"excerpt":{"rendered":"<p>Przepraszam za brak zdj\u0119cia \ud83d\ude42<\/p>\n","protected":false},"featured_media":12471,"template":"","meta":[],"product_brand":[],"product_cat":[15],"product_tag":[],"class_list":{"0":"post-14495","1":"product","2":"type-product","3":"status-publish","4":"has-post-thumbnail","6":"product_cat-bez-kategorii","8":"first","9":"instock","10":"taxable","11":"shipping-taxable","12":"purchasable","13":"product-type-simple"},"jetpack_sharing_enabled":true,"_links":{"self":[{"href":"https:\/\/rozbiorkigryzakow.pl\/index.php\/wp-json\/wp\/v2\/product\/14495","targetHints":{"allow":["GET"]}}],"collection":[{"href":"https:\/\/rozbiorkigryzakow.pl\/index.php\/wp-json\/wp\/v2\/product"}],"about":[{"href":"https:\/\/rozbiorkigryzakow.pl\/index.php\/wp-json\/wp\/v2\/types\/product"}],"wp:featuredmedia":[{"embeddable":true,"href":"https:\/\/rozbiorkigryzakow.pl\/index.php\/wp-json\/wp\/v2\/media\/12471"}],"wp:attachment":[{"href":"https:\/\/rozbiorkigryzakow.pl\/index.php\/wp-json\/wp\/v2\/media?parent=14495"}],"wp:term":[{"taxonomy":"product_brand","embeddable":true,"href":"https:\/\/rozbiorkigryzakow.pl\/index.php\/wp-json\/wp\/v2\/product_brand?post=14495"},{"taxonomy":"product_cat","embeddable":true,"href":"https:\/\/rozbiorkigryzakow.pl\/index.php\/wp-json\/wp\/v2\/product_cat?post=14495"},{"taxonomy":"product_tag","embeddable":true,"href":"https:\/\/rozbiorkigryzakow.pl\/index.php\/wp-json\/wp\/v2\/product_tag?post=14495"}],"curies":[{"name":"wp","href":"https:\/\/api.w.org\/{rel}","templated":true}]}}