

{"id":14249,"date":"2026-02-19T17:42:59","date_gmt":"2026-02-19T16:42:59","guid":{"rendered":"https:\/\/rozbiorkigryzakow.pl\/?post_type=product&#038;p=14249"},"modified":"2026-04-18T14:33:47","modified_gmt":"2026-04-18T12:33:47","slug":"suszona-kaczka","status":"publish","type":"product","link":"https:\/\/rozbiorkigryzakow.pl\/index.php\/produkt\/suszona-kaczka\/","title":{"rendered":"Suszona Kaczka"},"content":{"rendered":"","protected":false},"excerpt":{"rendered":"<p>Intensywny aromat, kt\u00f3ry pies wyczuwa szybciej, ni\u017c zd\u0105\u017cysz otworzy\u0107 opakowanie.<br \/>\n100% mi\u0119sa z kaczki \u2013 naturalnie suszone, bez konserwant\u00f3w, bez m\u0105ki i bez wype\u0142niaczy. Sama kaczka. Nic wi\u0119cej.<\/p>\n<p><strong>Kaczka to mi\u0119so bardziej wyraziste w smaku, dlatego \u015bwietnie sprawdza si\u0119 u ps\u00f3w wybrednych<\/strong> i tych, kt\u00f3re na zwyk\u0142e smaczki wzruszaj\u0105 ramionami (gdyby je mia\u0142y). Paseczki s\u0105 cienkie i do\u015b\u0107 twarde, aromatyczne i \u0142atwe do podzielenia \u2013 dobre na trening, spacer albo jako nagroda \u201eza bycie grzecznym\u201d.<\/p>\n<p>To smaczek, kt\u00f3ry cz\u0119sto robi robot\u0119 tam, gdzie inne zawodz\u0105. Pachnie konkretnie, smakuje konkretnie i znika\u2026 te\u017c konkretnie.<\/p>\n<p><strong>Waga opakowania: 50 g<\/strong><\/p>\n<p><strong>Smaczki przygotowuj\u0119 na zam\u00f3wienie \u2013 nie mam gotowych zapas\u00f3w na p\u00f3\u0142ce.<\/strong><br \/>\n<strong>Najbli\u017csza wysy\u0142ka zam\u00f3wie\u0144: 27-28 kwietnia<\/strong><\/p>\n","protected":false},"featured_media":14252,"template":"","meta":[],"product_brand":[],"product_cat":[21],"product_tag":[],"class_list":{"0":"post-14249","1":"product","2":"type-product","3":"status-publish","4":"has-post-thumbnail","6":"product_cat-mieso","8":"first","9":"instock","10":"taxable","11":"shipping-taxable","12":"purchasable","13":"product-type-simple"},"jetpack_sharing_enabled":true,"_links":{"self":[{"href":"https:\/\/rozbiorkigryzakow.pl\/index.php\/wp-json\/wp\/v2\/product\/14249","targetHints":{"allow":["GET"]}}],"collection":[{"href":"https:\/\/rozbiorkigryzakow.pl\/index.php\/wp-json\/wp\/v2\/product"}],"about":[{"href":"https:\/\/rozbiorkigryzakow.pl\/index.php\/wp-json\/wp\/v2\/types\/product"}],"wp:featuredmedia":[{"embeddable":true,"href":"https:\/\/rozbiorkigryzakow.pl\/index.php\/wp-json\/wp\/v2\/media\/14252"}],"wp:attachment":[{"href":"https:\/\/rozbiorkigryzakow.pl\/index.php\/wp-json\/wp\/v2\/media?parent=14249"}],"wp:term":[{"taxonomy":"product_brand","embeddable":true,"href":"https:\/\/rozbiorkigryzakow.pl\/index.php\/wp-json\/wp\/v2\/product_brand?post=14249"},{"taxonomy":"product_cat","embeddable":true,"href":"https:\/\/rozbiorkigryzakow.pl\/index.php\/wp-json\/wp\/v2\/product_cat?post=14249"},{"taxonomy":"product_tag","embeddable":true,"href":"https:\/\/rozbiorkigryzakow.pl\/index.php\/wp-json\/wp\/v2\/product_tag?post=14249"}],"curies":[{"name":"wp","href":"https:\/\/api.w.org\/{rel}","templated":true}]}}