

{"id":13069,"date":"2025-03-13T12:57:48","date_gmt":"2025-03-13T11:57:48","guid":{"rendered":"https:\/\/rozbiorkigryzakow.pl\/?post_type=product&#038;p=13069"},"modified":"2026-04-18T14:33:47","modified_gmt":"2026-04-18T12:33:47","slug":"suszona-gesina","status":"publish","type":"product","link":"https:\/\/rozbiorkigryzakow.pl\/index.php\/produkt\/suszona-gesina\/","title":{"rendered":"Suszona G\u0119sina"},"content":{"rendered":"<h3 data-start=\"0\" data-end=\"68\"><strong data-start=\"4\" data-end=\"66\">Suszona G\u0119sina \u2013 Kr\u00f3lewski Przysmak dla Twojego Psa!\u00a0<\/strong><\/h3>\n<p data-start=\"70\" data-end=\"420\">Delikatna, aromatyczna i pe\u0142na warto\u015bci od\u017cywczych \u2013 suszona g\u0119sina to prawdziwy rarytas dla psich smakoszy. To mi\u0119so wyj\u0105tkowo bogate w bia\u0142ko i zdrowe t\u0142uszcze, kt\u00f3re wspieraj\u0105 odporno\u015b\u0107, dbaj\u0105 o zdrow\u0105 sier\u015b\u0107 i dostarczaj\u0105 energii. Suszona powoli, bez konserwant\u00f3w i sztucznych dodatk\u00f3w, zachowuje pe\u0142ni\u0119 smaku i naturalnych warto\u015bci od\u017cywczych.<\/p>\n<p data-start=\"422\" data-end=\"760\">To \u015bwietna przek\u0105ska dla ps\u00f3w aktywnych, czworonog\u00f3w z wra\u017cliwym uk\u0142adem trawiennym, idealna przek\u0105ska dla szczeniaczka i seniora.\u00a0 Intensywny zapach i chrupi\u0105ca struktura sprawi\u0105, \u017ce Tw\u00f3j pies nie oderwie si\u0119 od tej pyszno\u015bci. Idealne jako nagroda, przek\u0105ska mi\u0119dzy posi\u0142kami czy po prostu spos\u00f3b na sprawienie rado\u015bci Twojemu pupilowi.<\/p>\n<p data-start=\"762\" data-end=\"921\" data-is-last-node=\"\" data-is-only-node=\"\">100% naturalna, r\u0119cznie suszona, bez zb\u0119dnej chemii \u2013 bo Tw\u00f3j pies zas\u0142uguje na to, co najlepsze. Spr\u00f3buj i zobacz, jak merda ogonem na sam zapach g\u0119siny!<\/p>\n<p data-start=\"762\" data-end=\"921\" data-is-last-node=\"\" data-is-only-node=\"\"><strong>W opakowaniu znajduje si\u0119 50 g bardzo cienkich, do\u015b\u0107 d\u0142ugich paseczk\u00f3w<\/strong>. \u015awietnie dziel\u0105 si\u0119 nawet na ma\u0142e k\u0105ski.<\/p>\n<p data-start=\"762\" data-end=\"921\" data-is-last-node=\"\" data-is-only-node=\"\"><strong>Wszystkie smaczki robi\u0119 r\u0119cznie na zam\u00f3wienie, przesy\u0142ki ze smaczkami ruszaj\u0105 w dniach 27-28 kwietnia<\/strong><\/p>\n","protected":false},"excerpt":{"rendered":"<p>Suszona G\u0119sina \u2013 Kr\u00f3lewski Przysmak dla Twojego Psa!\u00a0 Delikatna, aromatyczna i pe\u0142na warto\u015bci od\u017cywczych \u2013 suszona g\u0119sina to prawdziwy rarytas dla psich smakoszy. To mi\u0119so wyj\u0105tkowo bogate w bia\u0142ko i zdrowe t\u0142uszcze, kt\u00f3re wspieraj\u0105 odporno\u015b\u0107, dbaj\u0105 o zdrow\u0105 sier\u015b\u0107 i dostarczaj\u0105 energii. Suszona powoli, bez konserwant\u00f3w i sztucznych dodatk\u00f3w, zachowuje pe\u0142ni\u0119 smaku i naturalnych warto\u015bci od\u017cywczych. To \u015bwietna przek\u0105ska dla ps\u00f3w aktywnych, czworonog\u00f3w z wra\u017cliwym uk\u0142adem trawiennym, idealna przek\u0105ska dla szczeniaczka i seniora.\u00a0 Intensywny zapach i chrupi\u0105ca struktura sprawi\u0105, \u017ce <a class=\"more-link\" href=\"https:\/\/rozbiorkigryzakow.pl\/index.php\/produkt\/suszona-gesina\/\">Read More<i class=\"genericon genericon-next\"><\/i><\/a><\/p>\n","protected":false},"featured_media":14251,"template":"","meta":[],"product_brand":[],"product_cat":[21],"product_tag":[],"class_list":{"0":"post-13069","1":"product","2":"type-product","3":"status-publish","4":"has-post-thumbnail","6":"product_cat-mieso","8":"first","9":"instock","10":"taxable","11":"shipping-taxable","12":"purchasable","13":"product-type-simple"},"jetpack_sharing_enabled":true,"_links":{"self":[{"href":"https:\/\/rozbiorkigryzakow.pl\/index.php\/wp-json\/wp\/v2\/product\/13069","targetHints":{"allow":["GET"]}}],"collection":[{"href":"https:\/\/rozbiorkigryzakow.pl\/index.php\/wp-json\/wp\/v2\/product"}],"about":[{"href":"https:\/\/rozbiorkigryzakow.pl\/index.php\/wp-json\/wp\/v2\/types\/product"}],"wp:featuredmedia":[{"embeddable":true,"href":"https:\/\/rozbiorkigryzakow.pl\/index.php\/wp-json\/wp\/v2\/media\/14251"}],"wp:attachment":[{"href":"https:\/\/rozbiorkigryzakow.pl\/index.php\/wp-json\/wp\/v2\/media?parent=13069"}],"wp:term":[{"taxonomy":"product_brand","embeddable":true,"href":"https:\/\/rozbiorkigryzakow.pl\/index.php\/wp-json\/wp\/v2\/product_brand?post=13069"},{"taxonomy":"product_cat","embeddable":true,"href":"https:\/\/rozbiorkigryzakow.pl\/index.php\/wp-json\/wp\/v2\/product_cat?post=13069"},{"taxonomy":"product_tag","embeddable":true,"href":"https:\/\/rozbiorkigryzakow.pl\/index.php\/wp-json\/wp\/v2\/product_tag?post=13069"}],"curies":[{"name":"wp","href":"https:\/\/api.w.org\/{rel}","templated":true}]}}