

{"id":8073,"date":"2022-11-07T10:03:46","date_gmt":"2022-11-07T09:03:46","guid":{"rendered":"https:\/\/rozbiorkigryzakow.pl\/?page_id=8073"},"modified":"2022-11-07T10:03:46","modified_gmt":"2022-11-07T09:03:46","slug":"polityka-prywatnosci-2","status":"publish","type":"page","link":"https:\/\/rozbiorkigryzakow.pl\/index.php\/polityka-prywatnosci-2\/","title":{"rendered":"Polityka prywatno\u015bci"},"content":{"rendered":"\n<p><\/p>\n\n\n\n<ol class=\"wp-block-list\" type=\"1\"><li>Administratorem danych osobowych w rozumieniu Ustawy z dnia 29.08.1997 r. o ochronie danych osobowych (Dz. U. z 2002 r. Nr 101, poz. 926 ze zm.) dalej \u201eu.o.d.o.\u201d, podanych przez osob\u0119, kt\u00f3rej dane dotycz\u0105, jest Rozbi\u00f3rki Gryzak\u00f3w, Rypa\u0142ki 36A, 87-500 Rypin,wpisany do RHD pod numerem 04123626<\/li><li>Administrator danych osobowych przetwarza dane osobowe na podstawie u.o.d.o. z uwzgl\u0119dnieniem przepis\u00f3w ustawy z dnia 18 lipca 2002 roku o \u015bwiadczeniu us\u0142ug drog\u0105 elektroniczn\u0105 (Dz.U. 2002 nr 144 poz. 1204 ze zm.).<\/li><li>Administrator przetwarza dane osobowe osoby, kt\u00f3rej dane dotycz\u0105, nast\u0119puj\u0105cych celach:<br>a) prawid\u0142owa realizacja zawartej umowy,<br>b) telefoniczny lub mailowy kontakt z osob\u0105 wype\u0142niaj\u0105c\u0105 formularz kontaktowy na stronie internetowej foto.kroto@wp.pl<br>c) cele marketingowe w zakresie dozwolonym przepisami prawa, w tym wysy\u0142anie Newslettera.&nbsp;<\/li><li>Przetwarzanie danych osobowych w innych celach ni\u017c okre\u015blonych w pkt. 3 powy\u017cej b\u0119dzie mo\u017cliwe po uzyskaniu odr\u0119bnej zgody, o kt\u00f3rej mowa w art. 23 ust. 1 pkt. 1 u.o.d.o.<\/li><li>Administrator przetwarza nast\u0119puj\u0105ce dane osobowe niezb\u0119dne do \u015bwiadczenia us\u0142ug drog\u0105 elektroniczn\u0105 oraz zawarcia i realizacji umowy:<br>a) imi\u0119 i nazwisko;<br>b) adres zamieszkania (dane adresowe);<br>c) adres do korespondencji, je\u017celi jest inny ni\u017c adres, o kt\u00f3rym mowa w pkt. b);<br>d) adres elektroniczny (e-mail);<\/li><li>Dane osobowe b\u0119d\u0105 przechowywane przez okres trwania umowy oraz na czas zgodny z obowi\u0105zuj\u0105cymi przepisami z uwzgl\u0119dnieniem przedawnienia roszcze\u0144 oraz zobowi\u0105za\u0144 podatkowych. Dane osobowe na przetwarzanie, kt\u00f3rych wyrazili Pa\u0144stwo zgod\u0119 b\u0119d\u0105 przechowywane do czasu cofni\u0119cia przez Pa\u0144stwa zgody.<\/li><li>Administrator, w celu realizacji umowy i prawid\u0142owego wykonania zam\u00f3wienia, mo\u017ce udost\u0119pni\u0107 dane osobowe odbiorcom danych w rozumieniu art. 7 pkt. 6 u.o.d.o., w szczeg\u00f3lno\u015bci operatorowi pocztowemu, firmie kurierskiej lub operatorowi p\u0142atno\u015bci. W pozosta\u0142ym zakresie dane osobowe mog\u0105 zosta\u0107 ujawnione w przypadkach przewidzianych przepisami prawa lub w przypadku uzyskania zgody, o kt\u00f3rej mowa w art. 23 ust. 1 pkt. 1 u.o.d.o.<\/li><li>Ka\u017cdej osobie, kt\u00f3rej dane osobowe s\u0105 przetwarzane przez Administratora, przys\u0142uguje prawo dost\u0119pu do tre\u015bci swoich danych i prawo do poprawiania, uzupe\u0142niania, uaktualnienia, sprostowania oraz \u017c\u0105dania usuni\u0119cia danych osobowych jej dotycz\u0105cych. W tym celu nale\u017cy skontaktowa\u0107 si\u0119 z Administratorem danych (dane kontaktowe znajduj\u0105 si\u0119 w ust. 1).&nbsp;<\/li><li>Podanie danych osobowych jest dobrowolne. Niepodanie danych osobowych lub ich usuni\u0119cie na \u017c\u0105danie u\u017cytkownika mo\u017ce uniemo\u017cliwi\u0107 korzystanie z us\u0142ug oferowanych przez Administratora w takim stopniu, w jakim dane s\u0105 niezb\u0119dne do prawid\u0142owego wykonania tych us\u0142ug.&nbsp;<\/li><li>Wszystkie dane osobowe podane przez U\u017cytkownika i gromadzone przez Administratora w ramach oferowanych us\u0142ug nie s\u0105 widoczne dla pozosta\u0142ych U\u017cytkownik\u00f3w.&nbsp;<\/li><li>Administrator nie odpowiada za skutki udost\u0119pnienia danych osobowych U\u017cytkownika podmiotom trzecim w przypadku, kiedy to U\u017cytkownik samodzielnie poda\u0142 je do wiadomo\u015bci innym U\u017cytkownikom.<\/li><li>Administrator, wy\u0142\u0105cznie za zgod\u0105 U\u017cytkownika, upowa\u017cniony jest do przesy\u0142ania U\u017cytkownikowi na podany przez niego w trakcie rejestracji adres e-mail lub numer telefonu informacji handlowych w rozumieniu ustawy z dnia 18 lipca 2002 r. o \u015bwiadczeniu us\u0142ug drog\u0105 elektroniczn\u0105 (Dz.U. 2002 nr 144 poz. 1204 ze zm.). U\u017cytkownik ma prawo odwo\u0142ania zgody na przesy\u0142anie przez Administratora informacji handlowych, o kt\u00f3rych mowa w niniejszym punkcie. W tym celu nale\u017cy przes\u0142a\u0107 stosowne \u017c\u0105danie na adres wskazany w ust. 1 lub mailowo na adres foto.kroto@wp.pl<\/li><li>Administrator mo\u017ce zmieni\u0107 niniejsz\u0105 Polityk\u0119 prywatno\u015bci w ka\u017cdym czasie, przy czym poinformuje o tym na stronie internetowej, drog\u0105 elektroniczn\u0105 na wskazany adres e-mail lub przy logowaniu. Osoba, kt\u00f3rej dane s\u0105 przetwarzane, ma prawo wyrazi\u0107 sprzeciw na dalsze przetwarzanie danych osobowych na zasadach okre\u015blonych zmienion\u0105 Polityk\u0105 prywatno\u015bci.<\/li><\/ol>\n\n\n\n<p><strong>INFORMACJA ADMINISTRATORA DANYCH OSOBOWYCH SPORZ\u0104DZONA NA PODSTAWIE ART. 13 UST. 1 i 2 OG\u00d3LNEGO ROZPORZ\u0104DZENIA O OCHRONIE DANYCH (RODO)<\/strong><\/p>\n\n\n\n<p>W zwi\u0105zku z wej\u015bciem w \u017cycie i konieczno\u015bci\u0105 stosowania Rozporz\u0105dzenia Parlamentu Europejskiego i Rady (UE) 2016\/679 z dnia 27 kwietnia 2016 r. w sprawie ochrony os\u00f3b fizycznych w zwi\u0105zku z przetwarzaniem danych osobowych i w sprawie swobodnego przep\u0142ywu takich danych oraz uchylenia dyrektywy 95\/46\/WE (og\u00f3lne rozporz\u0105dzenie o ochronie danych) zwanego dalej \u201eRODO\u201d zwany dalej tak\u017ce: Rozbi\u00f3rki Gryzak\u00f3w, Rypa\u0142ki 36A, 87-500 Rypin, b\u0119d\u0105ca w\u0142a\u015bcicielem domeny internetowej www.rozbiorkigryzakow.pl przedstawia poni\u017csze informacje dotycz\u0105ce zasad przetwarzania Pani\u0105\/Pana danych osobowych.&nbsp;<\/p>\n\n\n\n<p><strong>Sklep rozbiorkigryzakow.pl&nbsp;przetwarza Pani\/Pana dane osobowe w nast\u0119puj\u0105cym celu:<\/strong><\/p>\n\n\n\n<ol class=\"wp-block-list\" type=\"1\"><li>przekazania Pani\/Pana danych osobowych do PKO BP (\u201eBank\u201d) w zwi\u0105zku z:<br>a) \u015bwiadczeniem przez Bank na rzecz Sklepu Rozbi\u00f3rki Gryzak\u00f3w us\u0142ugi udost\u0119pnienia infrastruktury do obs\u0142ugi p\u0142atno\u015bci przez Internet (podstawa prawna: art. 6 ust. 1 lit. f) RODO).<br>b) obs\u0142ug\u0105 i rozliczaniem przez Bank p\u0142atno\u015bci dokonywanych przez klient\u00f3w Sklepu Rozbi\u00f3rki Gryzak\u00f3w przez Internet przy u\u017cyciu instrument\u00f3w p\u0142atniczych (podstawa prawna: art. 6 ust. 1 lit. f) RODO).<br>c) w celu weryfikacji przez Bank nale\u017cytego wykonania um\u00f3w zawartych ze Sklepu Rozbi\u00f3rki Gryzak\u00f3w, w szczeg\u00f3lno\u015bci zapewnienia ochrony interes\u00f3w p\u0142atnik\u00f3w w zwi\u0105zku ze sk\u0142adanymi przez nich reklamacjami (podstawa prawna: art. 6 ust. 1 lit. f) RODO).<\/li><li>przekazania Pani\/Pana danych osobowych do tpay.com Krajowy Integrator P\u0142atno\u015bci Sp\u00f3\u0142ka Akcyjna z siedzib\u0105 w Poznaniu w zwi\u0105zku z mo\u017cliwo\u015bci\u0105 zaproponowania dokonania zap\u0142aty za nabyty towar lub us\u0142ug\u0119 przez tpay.com Krajowy Integrator P\u0142atno\u015bci Sp\u00f3\u0142ka Akcyjna z siedzib\u0105 w Poznaniu w ramach umowy zlecenia obejmuj\u0105cej formu\u0142\u0119 zakupow\u0105 \u201eKupuj\u0119 i p\u0142ac\u0119 &nbsp;z tpay.com\u201d i udost\u0119pnieniem tej formu\u0142y zakupowej przez Sklep Rozbi\u00f3rki Gryzak\u00f3w, a tak\u017ce celu weryfikacji przez tpay.com Krajowy Integrator P\u0142atno\u015bci Sp\u00f3\u0142ka Akcyjna z siedzib\u0105 w Poznaniu nale\u017cytego wykonania takich um\u00f3w zlecenie (podstawa prawna: art. 6 ust. 1 lit. f) RODO).&nbsp;<\/li><\/ol>\n\n\n\n<p>W zwi\u0105zku z przetwarzaniem danych osobowych w celach okre\u015blonych w ust. 1 i 2, Pani\/Pana dane osobowe mog\u0105 zosta\u0107 udost\u0119pnione przez Sklep Rozbi\u00f3rki Gryzak\u00f3w innym odbiorcom lub kategoriom odbiorc\u00f3w danych osobowych, kt\u00f3rymi mog\u0105 by\u0107:<\/p>\n\n\n\n<ol class=\"wp-block-list\" type=\"1\"><li>a) PKO BP<\/li><li>b) tpay.&nbsp;<\/li><\/ol>\n\n\n\n<p>W przypadku, gdy podanie przez Pani\u0105\/Pana danych osobowych nast\u0119puje w celu przekazania Pani\/Pana danych osobowych do tpay.com&nbsp; Krajowy Integrator P\u0142atno\u015bci Sp\u00f3\u0142ka Akcyjna z siedzib\u0105 w Poznaniu przed zawarciem umowy sprzeda\u017cy towaru (lub us\u0142ugi) nabywanego w Sklepie Rozbi\u00f3rki Gryzak\u00f3w, przekazanie tych danych jest warunkiem zawarcia umowy sprzeda\u017cy w zwi\u0105zku modelem biznesowym prowadzenia dzia\u0142alno\u015bci przyj\u0119tym przez Sklepu Rozbi\u00f3rki Gryzak\u00f3w.&nbsp;<\/p>\n\n\n\n<p>W przypadku przekazania Pani\/Pana danych osobowych do Banku w zwi\u0105zku z obs\u0142ug\u0105 i rozliczaniem p\u0142atno\u015bci dokonywanych przez Pani\u0105\/Pana p\u0142atno\u015bci na rzecz Sklepu Rozbi\u00f3rki Gryzak\u00f3w przez Internet przy u\u017cyciu instrument\u00f3w p\u0142atniczych, podanie danych jest wymagane w celu realizacji p\u0142atno\u015bci i przekazania potwierdzenia jej dokonania przez Bank na rzecz Sklepu Rozbi\u00f3rki Gryzak\u00f3w.<\/p>\n\n\n\n<p>W przypadku przekazania Pani\/Pana danych osobowych do Banku w celu weryfikacji przez Bank nale\u017cytego wykonania um\u00f3w zawartych ze Sklepem Rozbi\u00f3rki Gryzak\u00f3w, w szczeg\u00f3lno\u015bci zapewnienia ochrony interes\u00f3w p\u0142atnik\u00f3w w zwi\u0105zku ze sk\u0142adanymi przez nich reklamacjami podanie tych danych jest wymagane w celu umo\u017cliwienia realizacji umowy zawartej pomi\u0119dzy Sklepem Rozbi\u00f3rki Gryzak\u00f3w a Bankiem.&nbsp;<\/p>\n\n\n\n<p>W przypadku przekazania Pani\/Pana danych osobowych do &nbsp;tpay.com Krajowy Integrator P\u0142atno\u015bci Sp\u00f3\u0142ka Akcyjna z siedzib\u0105 w Poznaniu w zwi\u0105zku z mo\u017cliwo\u015bci\u0105 zaproponowania Pani\/Panu dokonania zap\u0142aty ceny za nabyty przez Pani\u0105\/Pana towar lub us\u0142ug\u0119 przez tpay.com Krajowy Integrator P\u0142atno\u015bci Sp\u00f3\u0142ka Akcyjna z siedzib\u0105 w Poznaniu w ramach umowy zlecenia obejmuj\u0105cej formu\u0142\u0119 zakupow\u0105 \u201eKupuj\u0119 i p\u0142ac\u0119 z tpay.com\u201d i udost\u0119pnieniem tej formu\u0142y przez Sklep Rozbi\u00f3rki Gryzak\u00f3w, podanie tych danych i przetwarzanie ich w tym celu jest wymagane w zwi\u0105zku modelem biznesowym prowadzenia dzia\u0142alno\u015bci przyj\u0119tym przez Sklep Rozbi\u00f3rki Gryzak\u00f3w i w celu realizacji umowy zawartej pomi\u0119dzy Sklepem internetowym atpay.com Krajowy Integrator P\u0142atno\u015bci Sp\u00f3\u0142ka Akcyjna z siedzib\u0105 w Poznaniu<\/p>\n\n\n\n<p>U\u017cytkownikowi przys\u0142uguje prawo do wniesienia skargi z zwi\u0105zanej z przetwarzaniem danych osobowych do organu nadzorczego \u2013 Prezesa Urz\u0119du Ochrony Danych Osobowych.<\/p>\n","protected":false},"excerpt":{"rendered":"<p>Administratorem danych osobowych w rozumieniu Ustawy z dnia 29.08.1997 r. o ochronie danych osobowych (Dz. U. z 2002 r. Nr 101, poz. 926 ze zm.) dalej \u201eu.o.d.o.\u201d, podanych przez osob\u0119, kt\u00f3rej dane dotycz\u0105, jest Rozbi\u00f3rki Gryzak\u00f3w, Rypa\u0142ki 36A, 87-500 Rypin,wpisany do RHD pod numerem 04123626 Administrator danych osobowych przetwarza dane osobowe na podstawie u.o.d.o. z uwzgl\u0119dnieniem przepis\u00f3w ustawy z dnia 18 lipca 2002 roku o \u015bwiadczeniu us\u0142ug drog\u0105 elektroniczn\u0105 (Dz.U. 2002 nr 144 poz. 1204 ze zm.). Administrator przetwarza dane <a class=\"more-link\" href=\"https:\/\/rozbiorkigryzakow.pl\/index.php\/polityka-prywatnosci-2\/\">Read More<i class=\"genericon genericon-next\"><\/i><\/a><\/p>\n","protected":false},"author":4,"featured_media":0,"parent":0,"menu_order":0,"comment_status":"closed","ping_status":"closed","template":"","meta":{"footnotes":""},"class_list":["post-8073","page","type-page","status-publish","hentry"],"jetpack_sharing_enabled":true,"_links":{"self":[{"href":"https:\/\/rozbiorkigryzakow.pl\/index.php\/wp-json\/wp\/v2\/pages\/8073","targetHints":{"allow":["GET"]}}],"collection":[{"href":"https:\/\/rozbiorkigryzakow.pl\/index.php\/wp-json\/wp\/v2\/pages"}],"about":[{"href":"https:\/\/rozbiorkigryzakow.pl\/index.php\/wp-json\/wp\/v2\/types\/page"}],"author":[{"embeddable":true,"href":"https:\/\/rozbiorkigryzakow.pl\/index.php\/wp-json\/wp\/v2\/users\/4"}],"replies":[{"embeddable":true,"href":"https:\/\/rozbiorkigryzakow.pl\/index.php\/wp-json\/wp\/v2\/comments?post=8073"}],"version-history":[{"count":1,"href":"https:\/\/rozbiorkigryzakow.pl\/index.php\/wp-json\/wp\/v2\/pages\/8073\/revisions"}],"predecessor-version":[{"id":8089,"href":"https:\/\/rozbiorkigryzakow.pl\/index.php\/wp-json\/wp\/v2\/pages\/8073\/revisions\/8089"}],"wp:attachment":[{"href":"https:\/\/rozbiorkigryzakow.pl\/index.php\/wp-json\/wp\/v2\/media?parent=8073"}],"curies":[{"name":"wp","href":"https:\/\/api.w.org\/{rel}","templated":true}]}}